{"id":11823,"date":"2023-05-02T11:04:08","date_gmt":"2023-05-02T08:04:08","guid":{"rendered":"https:\/\/tetramed.shnsoftware.com.tr\/?post_type=product&#038;p=11823"},"modified":"2023-05-03T17:06:19","modified_gmt":"2023-05-03T14:06:19","slug":"yz-ytq-g-ytq-g-elektronik-pnomatik-turnike-cihazi","status":"publish","type":"product","link":"https:\/\/tetramedmedical.com\/?product=yz-ytq-g-ytq-g-elektronik-pnomatik-turnike-cihazi","title":{"rendered":"Y&#038;Z ytq-g elektronik\/pn\u00f6matik turnike cihaz\u0131"},"content":{"rendered":"<div class=\"title-nav\">\n<h3 style=\"text-align: center;\">\u00dcr\u00fcn Bilgileri<\/h3>\n<\/div>\n<p>Turnike, Turnike Cihaz\u0131 Otomatik Pn\u00f6matik<\/p>\n<div class=\"meta-row\">\n<div class=\"row\">\n<div class=\"inline col-md-4\"><label>DMO \u00dcr\u00fcn Kodu:<\/label>\u00a088736 -K3493<\/div>\n<div class=\"inline col-md-4\"><label>\u00d6l\u00e7\u00fc Birimi:<\/label>\u00a0Adet<\/div>\n<div class=\"inline col-md-4\"><label>Orijinal \u00dcr\u00fcn Kodu:<\/label>\u00a0YTQ-G<\/div>\n<div class=\"inline col-md-4\"><label>Garanti S\u00fcresi:<\/label>\u00a024 (Ay)<\/div>\n<div>\n<div class=\"title-nav\">\n<p>\u00dcr\u00fcn \u00d6zellikleri<\/p>\n<\/div>\n<ul class=\"row tabled-data\">\n<li class=\"col-md-12\">\n<div class=\"col-xs-12\"><\/div>\n<\/li>\n<li class=\"col-md-6\">\n<div class=\"col-md-6\"><b>\u00dcr\u00fcn Tipi:<\/b><\/div>\n<div class=\"value col-md-6\">Elektronik\/Pn\u00f6matik Turnike Cihaz\u0131<\/div>\n<\/li>\n<li class=\"col-md-6\">\n<div class=\"col-md-6\"><b>Orijinal \u00dcr\u00fcn Kodu:<\/b><\/div>\n<div class=\"value col-md-6\">YTQ-G<\/div>\n<\/li>\n<\/ul>\n<ul class=\"row tabled-data\">\n<li class=\"col-md-12\">\n<div class=\"col-xs-12\"><b>Hastane Donan\u0131m\u0131 \u00d6zellikleri<\/b><\/div>\n<\/li>\n<li class=\"col-md-6\">\n<div class=\"col-md-6\"><b>Marka:<\/b><\/div>\n<div class=\"value col-md-6\">Y&amp;Z<\/div>\n<\/li>\n<li class=\"col-md-6\">\n<div class=\"col-md-6\"><b>Model:<\/b><\/div>\n<div class=\"value col-md-6\">YTQ-G<\/div>\n<\/li>\n<\/ul>\n<ul class=\"row tabled-data\">\n<li class=\"col-md-12\">\n<div class=\"col-xs-12\"><b>Elektronik\/Pn\u00f6matik Turnike Cihaz\u0131 \u00d6zellikleri<\/b><\/div>\n<\/li>\n<li class=\"col-md-6\">\n<div class=\"col-md-6\"><b>Cihaz\u0131n Uygulama Alanlar\u0131:<\/b><\/div>\n<div class=\"value col-md-6\">Alt Ve \u00dcst Ekstrimite<\/div>\n<\/li>\n<li class=\"col-md-6\">\n<div class=\"col-md-6\"><b>Batarya \u015earj \u00d6zelli\u011fi:<\/b><\/div>\n<div class=\"value col-md-6\">VAR<\/div>\n<\/li>\n<li class=\"col-md-6\">\n<div class=\"col-md-6\"><b>Stand Tipi:<\/b><\/div>\n<div class=\"value col-md-6\">4 Tekerlekli, Ikisi Frenlenebilir Tekerlekli, Malzemeler I\u00e7in Ta\u015f\u0131ma Sepeti<\/div>\n<\/li>\n<li class=\"col-md-6\">\n<div class=\"col-md-6\"><b>Cihazla Birlikte Verilecek Aksesuarlar:<\/b><\/div>\n<div class=\"value col-md-6\">Tekerlekli Sepetli Ta\u015f\u0131ma Sehbas\u0131, G\u00fc\u00e7 Kablosu, 4 Farkl\u0131 Boyda Turnike Man\u015fonu<\/div>\n<\/li>\n<li class=\"col-md-6\">\n<div class=\"col-md-6\"><b>RIVA \u00d6zelli\u011fi:<\/b><\/div>\n<div class=\"value col-md-6\">VAR<\/div>\n<\/li>\n<li class=\"col-md-6\">\n<div class=\"col-md-6\"><b>Ekran \u00d6zelli\u011fi:<\/b><\/div>\n<div class=\"value col-md-6\">8 In\u00e7 Renkli Dokunmatik Ekran<\/div>\n<\/li>\n<li class=\"col-md-6\">\n<div class=\"col-md-6\"><b>Dahili Kompres\u00f6r:<\/b><\/div>\n<div class=\"value col-md-6\">VAR<\/div>\n<\/li>\n<li class=\"col-md-6\">\n<div class=\"col-md-6\"><b>Elektronik Olarak Yap\u0131lan \u0130\u015flemler:<\/b><\/div>\n<div class=\"value col-md-6\">\u0130ndirme \u015ei\u015firme<\/div>\n<\/li>\n<li class=\"col-md-6\">\n<div class=\"col-md-6\"><b>Zamanlay\u0131c\u0131 \u00d6zelli\u011fi:<\/b><\/div>\n<div class=\"value col-md-6\">VAR<\/div>\n<\/li>\n<li class=\"col-md-6\">\n<div class=\"col-md-6\"><b>Alarm \u00d6zelli\u011fi:<\/b><\/div>\n<div class=\"value col-md-6\">VAR<\/div>\n<\/li>\n<li class=\"col-md-6\">\n<div class=\"col-md-6\"><b>Alarm Kapatma:<\/b><\/div>\n<div class=\"value col-md-6\">VAR<\/div>\n<\/li>\n<li class=\"col-md-6\">\n<div class=\"col-md-6\"><b>Dahili Batarya \u00d6zelli\u011fi:<\/b><\/div>\n<div class=\"value col-md-6\">VAR<\/div>\n<\/li>\n<li class=\"col-md-6\">\n<div class=\"col-md-6\"><b>A\u011f\u0131rl\u0131k (kg):<\/b><\/div>\n<div class=\"value col-md-6\">5,2<\/div>\n<\/li>\n<li class=\"col-md-6\">\n<div class=\"col-md-6\"><b>\u015eebeke Gerilimi (V):<\/b><\/div>\n<div class=\"value col-md-6\">220<\/div>\n<\/li>\n<li class=\"col-md-6\">\n<div class=\"col-md-6\"><b>\u015eebeke Frekans\u0131 (Hz):<\/b><\/div>\n<div class=\"value col-md-6\">50<\/div>\n<\/li>\n<li class=\"col-md-6\">\n<div class=\"col-md-6\"><b>Hava \u00c7\u0131k\u0131\u015f Adeti:<\/b><\/div>\n<div class=\"value col-md-6\">2<\/div>\n<\/li>\n<li class=\"col-md-6\">\n<div class=\"col-md-6\"><b>Hava Bas\u0131n\u00e7 De\u011feri (mmHg) (enaz):<\/b><\/div>\n<div class=\"value col-md-6\">50<\/div>\n<\/li>\n<li class=\"col-md-6\">\n<div class=\"col-md-6\"><b>Hava Bas\u0131n\u00e7 De\u011feri (mmHg) (en\u00e7ok):<\/b><\/div>\n<div class=\"value col-md-6\">650<\/div>\n<\/li>\n<\/ul>\n<p><b>Di\u011fer \u00d6zellikler<\/b>Serum ask\u0131s\u0131na monte edilebilmesi i\u00e7in ayr\u0131ca bir aparata sahiptir. \u0130leri ve geri zaman sayac\u0131 vard\u0131r. 8 in\u00e7 renkli Dokunmatik ekrana sahiptir Dahili batarya mevcuttur. R\u0130VA \u00f6zelli\u011f vard\u0131r. \u00c7ift portludur, sa\u011f ve sol kanal bas\u0131n\u00e7lar\u0131 ayr\u0131 ayr\u0131 ayarlanabilir. Cihaz mikro i\u015flemci kontroll\u00fcd\u00fcr.<\/p>\n<\/div>\n<\/div>\n<\/div>\n","protected":false},"excerpt":{"rendered":"<p>\u00dcr\u00fcn Bilgileri Turnike, Turnike Cihaz\u0131 Otomatik Pn\u00f6matik DMO \u00dcr\u00fcn Kodu:\u00a088736 -K3493 \u00d6l\u00e7\u00fc Birimi:\u00a0Adet Orijinal \u00dcr\u00fcn Kodu:\u00a0YTQ-G Garanti S\u00fcresi:\u00a024 (Ay) \u00dcr\u00fcn<\/p>\n","protected":false},"featured_media":11924,"comment_status":"closed","ping_status":"closed","template":"","meta":[],"product_cat":[100],"product_tag":[97,101],"class_list":{"0":"post-11823","1":"product","2":"type-product","3":"status-publish","4":"has-post-thumbnail","6":"product_cat-turnike-cihazlari","7":"product_tag-tetramed-medical","8":"product_tag-turnike-cihazlari","10":"first","11":"instock","12":"shipping-taxable","13":"product-type-simple"},"jetpack_sharing_enabled":true,"_links":{"self":[{"href":"https:\/\/tetramedmedical.com\/index.php?rest_route=\/wp\/v2\/product\/11823","targetHints":{"allow":["GET"]}}],"collection":[{"href":"https:\/\/tetramedmedical.com\/index.php?rest_route=\/wp\/v2\/product"}],"about":[{"href":"https:\/\/tetramedmedical.com\/index.php?rest_route=\/wp\/v2\/types\/product"}],"replies":[{"embeddable":true,"href":"https:\/\/tetramedmedical.com\/index.php?rest_route=%2Fwp%2Fv2%2Fcomments&post=11823"}],"version-history":[{"count":2,"href":"https:\/\/tetramedmedical.com\/index.php?rest_route=\/wp\/v2\/product\/11823\/revisions"}],"predecessor-version":[{"id":12340,"href":"https:\/\/tetramedmedical.com\/index.php?rest_route=\/wp\/v2\/product\/11823\/revisions\/12340"}],"wp:featuredmedia":[{"embeddable":true,"href":"https:\/\/tetramedmedical.com\/index.php?rest_route=\/wp\/v2\/media\/11924"}],"wp:attachment":[{"href":"https:\/\/tetramedmedical.com\/index.php?rest_route=%2Fwp%2Fv2%2Fmedia&parent=11823"}],"wp:term":[{"taxonomy":"product_cat","embeddable":true,"href":"https:\/\/tetramedmedical.com\/index.php?rest_route=%2Fwp%2Fv2%2Fproduct_cat&post=11823"},{"taxonomy":"product_tag","embeddable":true,"href":"https:\/\/tetramedmedical.com\/index.php?rest_route=%2Fwp%2Fv2%2Fproduct_tag&post=11823"}],"curies":[{"name":"wp","href":"https:\/\/api.w.org\/{rel}","templated":true}]}}