{"id":11820,"date":"2023-05-02T11:04:08","date_gmt":"2023-05-02T08:04:08","guid":{"rendered":"https:\/\/tetramed.shnsoftware.com.tr\/?post_type=product&#038;p=11820"},"modified":"2023-05-03T17:06:18","modified_gmt":"2023-05-03T14:06:18","slug":"sino-mdt-sn-s1-infuzyon-pompasi","status":"publish","type":"product","link":"https:\/\/tetramedmedical.com\/?product=sino-mdt-sn-s1-infuzyon-pompasi","title":{"rendered":"Sino mdt sn-s1 inf\u00fczyon pompas\u0131"},"content":{"rendered":"<div class=\"title-nav\">\n<h3 style=\"text-align: center;\">\u00dcr\u00fcn Bilgileri<\/h3>\n<\/div>\n<h5>Sino Mdt marka SN-S1 model \u0130nf\u00fczyon Pompa Cihaz\u0131<\/h5>\n<div class=\"meta-row\">\n<div class=\"row\">\n<div class=\"inline col-md-4\"><label>DMO \u00dcr\u00fcn Kodu:<\/label>\u00a078443 -K3493<\/div>\n<div class=\"inline col-md-4\"><label>\u00d6l\u00e7\u00fc Birimi:<\/label>\u00a0Adet<\/div>\n<div class=\"inline col-md-4\"><label>Orijinal \u00dcr\u00fcn Kodu:<\/label>\u00a0SN-S1<\/div>\n<div class=\"inline col-md-4\"><label>Garanti S\u00fcresi:<\/label>\u00a024 (Ay)<\/div>\n<\/div>\n<div>\n<div class=\"title-nav\">\n<h4>\u00dcr\u00fcn \u00d6zellikleri<\/h4>\n<\/div>\n<ul class=\"row tabled-data\">\n<li class=\"col-md-12\">\n<div class=\"col-xs-12\"><b>Hastane Donan\u0131m\u0131 \u00d6zellikleri<\/b><\/div>\n<\/li>\n<li class=\"col-md-6\">\n<div class=\"col-md-6\"><b>Marka:<\/b><\/div>\n<div class=\"value col-md-6\">S\u0130NO MDT<\/div>\n<\/li>\n<li class=\"col-md-6\">\n<div class=\"col-md-6\"><b>Model:<\/b><\/div>\n<div class=\"value col-md-6\">SN-S1<\/div>\n<\/li>\n<\/ul>\n<ul class=\"row tabled-data\">\n<li class=\"col-md-12\">\n<div class=\"col-xs-12\"><b>\u0130nf\u00fczyon Pompas\u0131 \u00d6zellikleri<\/b><\/div>\n<\/li>\n<li class=\"col-md-6\">\n<div class=\"col-md-6\"><b>Ekran Boyutu (in\u00e7):<\/b><\/div>\n<div class=\"value col-md-6\">3,5<\/div>\n<\/li>\n<li class=\"col-md-6\">\n<div class=\"col-md-6\"><b>Batarya S\u00fcresi:<\/b><\/div>\n<div class=\"value col-md-6\">25 Ml\/Saat H\u0131z\u0131nda 5 Saat<\/div>\n<\/li>\n<li class=\"col-md-6\">\n<div class=\"col-md-6\"><b>Sesli ve G\u00f6rsel Alarmlar:<\/b><\/div>\n<div class=\"value col-md-6\">VAR<\/div>\n<\/li>\n<li class=\"col-md-6\">\n<div class=\"col-md-6\"><b>Birlikte Verilecek Aksesuarlar:<\/b><\/div>\n<div class=\"value col-md-6\">G\u00fc\u00e7 Kablosu, Ask\u0131 Aparat\u0131<\/div>\n<\/li>\n<li class=\"col-md-6\">\n<div class=\"col-md-6\"><b>A\u011f\u0131rl\u0131k (kg):<\/b><\/div>\n<div class=\"value col-md-6\">2,1<\/div>\n<\/li>\n<li class=\"col-md-6\">\n<div class=\"col-md-6\"><b>Pompa T\u00fcr\u00fc:<\/b><\/div>\n<div class=\"value col-md-6\">\u0130nf\u00fczyon Pompas\u0131<\/div>\n<\/li>\n<li class=\"col-md-6\">\n<div class=\"col-md-6\"><b>VTBI Ayarlanan Hacim (ml):<\/b><\/div>\n<div class=\"value col-md-6\">9999<\/div>\n<\/li>\n<li class=\"col-md-6\">\n<div class=\"col-md-6\"><b>Ak\u0131\u015f H\u0131z\u0131 Hassasiyeti (%):<\/b><\/div>\n<div class=\"value col-md-6\">\u2264\u00b15<\/div>\n<\/li>\n<li class=\"col-md-6\">\n<div class=\"col-md-6\"><b>Titrasyon \u00d6zelli\u011fi:<\/b><\/div>\n<div class=\"value col-md-6\">VAR<\/div>\n<\/li>\n<li class=\"col-md-6\">\n<div class=\"col-md-6\"><b>Bolus \u00d6zelli\u011fi:<\/b><\/div>\n<div class=\"value col-md-6\">MANUEL + OTOMAT\u0130K<\/div>\n<\/li>\n<li class=\"col-md-6\">\n<div class=\"col-md-6\"><b>Purge Fonksiyonu:<\/b><\/div>\n<div class=\"value col-md-6\">VAR<\/div>\n<\/li>\n<li class=\"col-md-6\">\n<div class=\"col-md-6\"><b>Anti-Bolus \u00d6zelli\u011fi:<\/b><\/div>\n<div class=\"value col-md-6\">VAR<\/div>\n<\/li>\n<li class=\"col-md-6\">\n<div class=\"col-md-6\"><b>Kullan\u0131lan Modlar:<\/b><\/div>\n<div class=\"value col-md-6\">H\u0131z Modu, Damlama Modu, V\u00fccut A\u011f\u0131rl\u0131k Modu, Zaman Modu, Aral\u0131kl\u0131 Mod, Mikro Mod, E\u011fim Modu<\/div>\n<\/li>\n<li class=\"col-md-6\">\n<div class=\"col-md-6\"><b>\u0130nf\u00fczyon S\u00fcresi Aral\u0131\u011f\u0131 (dk):<\/b><\/div>\n<div class=\"value col-md-6\">99 Saat 59 Dakika<\/div>\n<\/li>\n<li class=\"col-md-6\">\n<div class=\"col-md-6\"><b>Ayarlanabilir Bekleme Fonksiyonu:<\/b><\/div>\n<div class=\"value col-md-6\">VAR<\/div>\n<\/li>\n<li class=\"col-md-6\">\n<div class=\"col-md-6\"><b>Okl\u00fczyon Bas\u0131n\u00e7 Aral\u0131\u011f\u0131 (mmHg):<\/b><\/div>\n<div class=\"value col-md-6\">13,3<\/div>\n<\/li>\n<li class=\"col-md-6\">\n<div class=\"col-md-6\"><b>Hava Kabarc\u0131\u011f\u0131 Aral\u0131\u011f\u0131 (\u00b5l):<\/b><\/div>\n<div class=\"value col-md-6\">25 &#8211; 80<\/div>\n<\/li>\n<li class=\"col-md-6\">\n<div class=\"col-md-6\"><b>\u0130la\u00e7 K\u00fct\u00fcphanesi \u00d6zelli\u011fi:<\/b><\/div>\n<div class=\"value col-md-6\">VAR<\/div>\n<\/li>\n<li class=\"col-md-6\">\n<div class=\"col-md-6\"><b>Veri Kay\u0131t \u00d6zelli\u011fi:<\/b><\/div>\n<div class=\"value col-md-6\">VAR<\/div>\n<\/li>\n<li class=\"col-md-6\">\n<div class=\"col-md-6\"><b>Bataryan\u0131n Otomatik Devreye Girme \u00d6zelli\u011fi:<\/b><\/div>\n<div class=\"value col-md-6\">VAR<\/div>\n<\/li>\n<li class=\"col-md-6\">\n<div class=\"col-md-6\"><b>HL7 Sistemine Ba\u011flanabilme \u00d6zelli\u011fi:<\/b><\/div>\n<div class=\"value col-md-6\">Alt Yap\u0131s\u0131 Mevcut<\/div>\n<\/li>\n<li class=\"col-md-6\">\n<div class=\"col-md-6\"><b>IP Koruma Seviyesi:<\/b><\/div>\n<div class=\"value col-md-6\">IP33<\/div>\n<\/li>\n<li class=\"col-md-6\">\n<div class=\"col-md-6\"><b>Ekran \u00d6zelli\u011fi:<\/b><\/div>\n<div class=\"value col-md-6\">Dokunmatik<\/div>\n<\/li>\n<li class=\"col-md-6\">\n<div class=\"col-md-6\"><b>Mikro Mod:<\/b><\/div>\n<div class=\"value col-md-6\">VAR<\/div>\n<\/li>\n<li class=\"col-md-6\">\n<div class=\"col-md-6\"><b>Ak\u0131\u015f H\u0131z\u0131 Aral\u0131\u011f\u0131 (ml\/saat):<\/b><\/div>\n<div class=\"value col-md-6\">0.1-1500<\/div>\n<\/li>\n<li class=\"col-md-6\">\n<div class=\"col-md-6\"><b>KVO Aral\u0131\u011f\u0131 (ml\/saat):<\/b><\/div>\n<div class=\"value col-md-6\">0.1-5<\/div>\n<\/li>\n<li class=\"col-md-6\">\n<div class=\"col-md-6\"><b>Okl\u00fczyon Bas\u0131n\u00e7 Kademesi:<\/b><\/div>\n<div class=\"value col-md-6\">12<\/div>\n<\/li>\n<li class=\"col-md-6\">\n<div class=\"col-md-6\"><b>Hava Kabarc\u0131\u011f\u0131 Kademesi:<\/b><\/div>\n<div class=\"value col-md-6\">8<\/div>\n<\/li>\n<li class=\"col-md-6\">\n<div class=\"col-md-6\"><b>\u0130la\u00e7 K\u00fct\u00fcphane Say\u0131s\u0131:<\/b><\/div>\n<div class=\"value col-md-6\">110<\/div>\n<\/li>\n<li class=\"col-md-6\">\n<div class=\"col-md-6\"><b>Veri Kay\u0131t Say\u0131s\u0131:<\/b><\/div>\n<div class=\"value col-md-6\">200<\/div>\n<\/li>\n<li class=\"col-md-6\">\n<div class=\"col-md-6\"><b>Batarya \u015earj S\u00fcresi (saat):<\/b><\/div>\n<div class=\"value col-md-6\">4<\/div>\n<\/li>\n<\/ul>\n<ul class=\"row tabled-data\">\n<li class=\"col-md-12\">\n<div class=\"col-xs-12\"><\/div>\n<\/li>\n<li class=\"col-md-6\">\n<div class=\"col-md-6\"><b>\u00dcr\u00fcn Tipi:<\/b><\/div>\n<div class=\"value col-md-6\">\u0130nf\u00fczyon \/ Perf\u00fczyon Pompas\u0131<\/div>\n<\/li>\n<li class=\"col-md-6\">\n<div class=\"col-md-6\"><b>Orijinal \u00dcr\u00fcn Kodu:<\/b><\/div>\n<div class=\"value col-md-6\">SN-S1<\/div>\n<\/li>\n<\/ul>\n<p><b>Di\u011fer \u00d6zellikler<\/b>T\u00fcrk\u00e7e dil deste\u011fi Dokunmatik ekran ile rahat kulan\u0131m \u00dcst \u00fcste kilitlenebilme \u00f6zelli\u011fi Dahili batarya, ayarlanabilir ekran parlakl\u0131\u011f\u0131 ve alarm sesi Dock Station sistemine ba\u011flant\u0131 opsiyonel 8 seviyede ayarlanabilir hava kabarc\u0131k alarm\u0131, 12 seviye t\u0131kan\u0131kl\u0131 alarm\u0131 Gece modu \u00f6zelli\u011fi Wifi \u00f6zelli\u011fi sayesinde, &#8220;Yo\u011fun Bak\u0131m Bilgi Y\u00f6netim Sistemi&#8221;ne ba\u011flanabilme \u00f6zelli\u011fi<\/p>\n<\/div>\n<\/div>\n","protected":false},"excerpt":{"rendered":"<p>\u00dcr\u00fcn Bilgileri Sino Mdt marka SN-S1 model \u0130nf\u00fczyon Pompa Cihaz\u0131 DMO \u00dcr\u00fcn Kodu:\u00a078443 -K3493 \u00d6l\u00e7\u00fc Birimi:\u00a0Adet Orijinal \u00dcr\u00fcn Kodu:\u00a0SN-S1 Garanti<\/p>\n","protected":false},"featured_media":11911,"comment_status":"closed","ping_status":"closed","template":"","meta":[],"product_cat":[70],"product_tag":[],"class_list":{"0":"post-11820","1":"product","2":"type-product","3":"status-publish","4":"has-post-thumbnail","6":"product_cat-infuzyon-pompasi-ve-perfuzor-pompasi","8":"first","9":"instock","10":"shipping-taxable","11":"product-type-simple"},"jetpack_sharing_enabled":true,"_links":{"self":[{"href":"https:\/\/tetramedmedical.com\/index.php?rest_route=\/wp\/v2\/product\/11820","targetHints":{"allow":["GET"]}}],"collection":[{"href":"https:\/\/tetramedmedical.com\/index.php?rest_route=\/wp\/v2\/product"}],"about":[{"href":"https:\/\/tetramedmedical.com\/index.php?rest_route=\/wp\/v2\/types\/product"}],"replies":[{"embeddable":true,"href":"https:\/\/tetramedmedical.com\/index.php?rest_route=%2Fwp%2Fv2%2Fcomments&post=11820"}],"version-history":[{"count":2,"href":"https:\/\/tetramedmedical.com\/index.php?rest_route=\/wp\/v2\/product\/11820\/revisions"}],"predecessor-version":[{"id":12337,"href":"https:\/\/tetramedmedical.com\/index.php?rest_route=\/wp\/v2\/product\/11820\/revisions\/12337"}],"wp:featuredmedia":[{"embeddable":true,"href":"https:\/\/tetramedmedical.com\/index.php?rest_route=\/wp\/v2\/media\/11911"}],"wp:attachment":[{"href":"https:\/\/tetramedmedical.com\/index.php?rest_route=%2Fwp%2Fv2%2Fmedia&parent=11820"}],"wp:term":[{"taxonomy":"product_cat","embeddable":true,"href":"https:\/\/tetramedmedical.com\/index.php?rest_route=%2Fwp%2Fv2%2Fproduct_cat&post=11820"},{"taxonomy":"product_tag","embeddable":true,"href":"https:\/\/tetramedmedical.com\/index.php?rest_route=%2Fwp%2Fv2%2Fproduct_tag&post=11820"}],"curies":[{"name":"wp","href":"https:\/\/api.w.org\/{rel}","templated":true}]}}