{"id":11793,"date":"2023-05-02T11:03:08","date_gmt":"2023-05-02T08:03:08","guid":{"rendered":"https:\/\/tetramed.shnsoftware.com.tr\/?post_type=product&#038;p=11793"},"modified":"2023-05-03T17:06:15","modified_gmt":"2023-05-03T14:06:15","slug":"biolight-p22-hastabasi-monitoru","status":"publish","type":"product","link":"https:\/\/tetramedmedical.com\/?product=biolight-p22-hastabasi-monitoru","title":{"rendered":"Biolight p22 hastaba\u015f\u0131 monit\u00f6r\u00fc"},"content":{"rendered":"<p><iframe title=\"Biolight P22 Hastabas\u0327\u0131 Monito\u0308ru\u0308\" width=\"500\" height=\"281\" src=\"https:\/\/www.youtube.com\/embed\/Z8e5NEPX5sI?feature=oembed\" frameborder=\"0\" allow=\"accelerometer; autoplay; clipboard-write; encrypted-media; gyroscope; picture-in-picture; web-share\" referrerpolicy=\"strict-origin-when-cross-origin\" allowfullscreen><\/iframe><\/p>\n","protected":false},"excerpt":{"rendered":"<pre class=\"a-b-r-La\">G\u00fc\u00e7l\u00fc, Pratik ve \u00d6nc\u00fc\n\nBIOLIGHT P22 HASTABA\u015eI MON\u0130T\u00d6R\u00dc\n\n22 \" in\u00e7 Dokunmatik Ekran\n\nNMT, BIS, EEG,C.O,RM, rSO2\n\nESW, GCS, SEPS\u0130S, BOA, Drip Monit\u00f6r<\/pre>\n","protected":false},"featured_media":11898,"comment_status":"closed","ping_status":"closed","template":"","meta":[],"product_cat":[93],"product_tag":[96,97],"class_list":{"0":"post-11793","1":"product","2":"type-product","3":"status-publish","4":"has-post-thumbnail","6":"product_cat-hastabasi-monitoru","7":"product_tag-hastabasi-monitoru","8":"product_tag-tetramed-medical","10":"first","11":"instock","12":"shipping-taxable","13":"product-type-simple"},"jetpack_sharing_enabled":true,"_links":{"self":[{"href":"https:\/\/tetramedmedical.com\/index.php?rest_route=\/wp\/v2\/product\/11793","targetHints":{"allow":["GET"]}}],"collection":[{"href":"https:\/\/tetramedmedical.com\/index.php?rest_route=\/wp\/v2\/product"}],"about":[{"href":"https:\/\/tetramedmedical.com\/index.php?rest_route=\/wp\/v2\/types\/product"}],"replies":[{"embeddable":true,"href":"https:\/\/tetramedmedical.com\/index.php?rest_route=%2Fwp%2Fv2%2Fcomments&post=11793"}],"version-history":[{"count":2,"href":"https:\/\/tetramedmedical.com\/index.php?rest_route=\/wp\/v2\/product\/11793\/revisions"}],"predecessor-version":[{"id":12333,"href":"https:\/\/tetramedmedical.com\/index.php?rest_route=\/wp\/v2\/product\/11793\/revisions\/12333"}],"wp:featuredmedia":[{"embeddable":true,"href":"https:\/\/tetramedmedical.com\/index.php?rest_route=\/wp\/v2\/media\/11898"}],"wp:attachment":[{"href":"https:\/\/tetramedmedical.com\/index.php?rest_route=%2Fwp%2Fv2%2Fmedia&parent=11793"}],"wp:term":[{"taxonomy":"product_cat","embeddable":true,"href":"https:\/\/tetramedmedical.com\/index.php?rest_route=%2Fwp%2Fv2%2Fproduct_cat&post=11793"},{"taxonomy":"product_tag","embeddable":true,"href":"https:\/\/tetramedmedical.com\/index.php?rest_route=%2Fwp%2Fv2%2Fproduct_tag&post=11793"}],"curies":[{"name":"wp","href":"https:\/\/api.w.org\/{rel}","templated":true}]}}