{"id":11788,"date":"2023-05-02T11:03:08","date_gmt":"2023-05-02T08:03:08","guid":{"rendered":"https:\/\/tetramed.shnsoftware.com.tr\/?post_type=product&#038;p=11788"},"modified":"2023-05-03T17:06:14","modified_gmt":"2023-05-03T14:06:14","slug":"biolight-p1-hastabasi-monitoru","status":"publish","type":"product","link":"https:\/\/tetramedmedical.com\/?product=biolight-p1-hastabasi-monitoru","title":{"rendered":"Biolight p1 hastaba\u015f\u0131 monit\u00f6r\u00fc"},"content":{"rendered":"<p><iframe title=\"Biolight P1 Hastabas\u0327\u0131 Monito\u0308ru\u0308\" width=\"500\" height=\"281\" src=\"https:\/\/www.youtube.com\/embed\/jnZiB1P6nX0?feature=oembed\" frameborder=\"0\" allow=\"accelerometer; autoplay; clipboard-write; encrypted-media; gyroscope; picture-in-picture; web-share\" referrerpolicy=\"strict-origin-when-cross-origin\" allowfullscreen><\/iframe><\/p>\n","protected":false},"excerpt":{"rendered":"","protected":false},"featured_media":11882,"comment_status":"closed","ping_status":"closed","template":"","meta":[],"product_cat":[93],"product_tag":[96,97],"class_list":{"0":"post-11788","1":"product","2":"type-product","3":"status-publish","4":"has-post-thumbnail","6":"product_cat-hastabasi-monitoru","7":"product_tag-hastabasi-monitoru","8":"product_tag-tetramed-medical","10":"first","11":"instock","12":"shipping-taxable","13":"product-type-simple"},"jetpack_sharing_enabled":true,"_links":{"self":[{"href":"https:\/\/tetramedmedical.com\/index.php?rest_route=\/wp\/v2\/product\/11788","targetHints":{"allow":["GET"]}}],"collection":[{"href":"https:\/\/tetramedmedical.com\/index.php?rest_route=\/wp\/v2\/product"}],"about":[{"href":"https:\/\/tetramedmedical.com\/index.php?rest_route=\/wp\/v2\/types\/product"}],"replies":[{"embeddable":true,"href":"https:\/\/tetramedmedical.com\/index.php?rest_route=%2Fwp%2Fv2%2Fcomments&post=11788"}],"version-history":[{"count":2,"href":"https:\/\/tetramedmedical.com\/index.php?rest_route=\/wp\/v2\/product\/11788\/revisions"}],"predecessor-version":[{"id":12328,"href":"https:\/\/tetramedmedical.com\/index.php?rest_route=\/wp\/v2\/product\/11788\/revisions\/12328"}],"wp:featuredmedia":[{"embeddable":true,"href":"https:\/\/tetramedmedical.com\/index.php?rest_route=\/wp\/v2\/media\/11882"}],"wp:attachment":[{"href":"https:\/\/tetramedmedical.com\/index.php?rest_route=%2Fwp%2Fv2%2Fmedia&parent=11788"}],"wp:term":[{"taxonomy":"product_cat","embeddable":true,"href":"https:\/\/tetramedmedical.com\/index.php?rest_route=%2Fwp%2Fv2%2Fproduct_cat&post=11788"},{"taxonomy":"product_tag","embeddable":true,"href":"https:\/\/tetramedmedical.com\/index.php?rest_route=%2Fwp%2Fv2%2Fproduct_tag&post=11788"}],"curies":[{"name":"wp","href":"https:\/\/api.w.org\/{rel}","templated":true}]}}