{"id":11784,"date":"2023-05-02T11:03:06","date_gmt":"2023-05-02T08:03:06","guid":{"rendered":"https:\/\/tetramed.shnsoftware.com.tr\/?post_type=product&#038;p=11784"},"modified":"2023-05-03T17:06:13","modified_gmt":"2023-05-03T14:06:13","slug":"hwatime-t10-fetal-monitor","status":"publish","type":"product","link":"https:\/\/tetramedmedical.com\/?product=hwatime-t10-fetal-monitor","title":{"rendered":"Hwat\u0131me t10 fetal monit\u00f6r"},"content":{"rendered":"<h3 class=\"p1\" style=\"text-align: center;\"><b>\u00dcr\u00fcn Bilgileri<\/b><\/h3>\n<p class=\"p2\">Hwatime marka T10 model Fetal monit\u00f6r<\/p>\n<p class=\"p3\"><b>DMO \u00dcr\u00fcn Kodu:<\/b>\u00a067402 -K3493<\/p>\n<p class=\"p3\"><b>\u00d6l\u00e7\u00fc Birimi:<\/b>\u00a0Adet<\/p>\n<p class=\"p3\"><b>Orijinal \u00dcr\u00fcn Kodu:<\/b>\u00a0T10<\/p>\n<p class=\"p3\"><b>Garanti S\u00fcresi:<\/b>\u00a024 (Ay)<\/p>\n<h4 class=\"p5\"><b>\u00dcr\u00fcn \u00d6zellikleri<\/b><\/h4>\n<ul class=\"ul1\">\n<li class=\"li6\"><\/li>\n<li class=\"li3\"><\/li>\n<li class=\"li3\"><b> \u00dcr\u00fcn Tipi:<\/b>\n<p>Fetal Monit\u00f6r<\/li>\n<li class=\"li3\"><b> Orijinal \u00dcr\u00fcn Kodu:<\/b>\n<p>T10<\/li>\n<li class=\"li6\"><\/li>\n<li class=\"li3\"><b> Fetal Monit\u00f6r \u00d6zellikleri<\/b><\/li>\n<li class=\"li3\"><b> Dakikada Yaz\u0131c\u0131 Bask\u0131 H\u0131z\u0131:<\/b>\n<p>1cm\/Dk, 2cm\/Dk, 3cm\/Dk<\/li>\n<li class=\"li3\"><b> Kablosuz Ba\u011flant\u0131 \u00d6zelli\u011fi:<\/b>\n<p>ALTYAPISI MEVCUT<\/li>\n<li class=\"li3\"><b> \u0130kiz Bebek Ba\u011flant\u0131 \u00d6zelli\u011fi:<\/b>\n<p>HAYIR\/YOK<\/li>\n<li class=\"li3\"><b> Toco S\u0131f\u0131r Modu:<\/b>\n<p>EVET\/VAR<\/li>\n<li class=\"li3\"><b> Cihazla Birlikte Verilecek Problar:<\/b>\n<p>1 Adet US Probu, 1 Adet TOCO Probu<\/li>\n<li class=\"li3\"><b> At\u0131m Tekrarlama Oran\u0131 (Frekans Oran\u0131 MHz):<\/b>\n<p>1<\/li>\n<li class=\"li3\"><b> Minimum FHR \u00d6l\u00e7\u00fcm\u00fc (bpm):<\/b>\n<p>50<\/li>\n<li class=\"li3\"><b> Maksimum FHR \u00d6l\u00e7\u00fcm\u00fc (bpm):<\/b>\n<p>210<\/li>\n<li class=\"li3\"><b> Kopya Bask\u0131 H\u0131z\u0131 (mm\/sn):<\/b>\n<p>25<\/li>\n<li class=\"li3\"><b> Transduser Kristal Say\u0131s\u0131:<\/b>\n<p>12<\/li>\n<li class=\"li3\"><b> Minimum Toco \u00d6l\u00e7\u00fcm\u00fc (%):<\/b>\n<p>0<\/li>\n<li class=\"li3\"><b> Maksimum Toco \u00d6l\u00e7\u00fcm\u00fc (%):<\/b>\n<p>100<\/li>\n<li class=\"li6\"><\/li>\n<li class=\"li3\">\n<h4><b> Hastane Donan\u0131m\u0131 \u00d6zellikleri<\/b><\/h4>\n<\/li>\n<li class=\"li3\"><b> Marka:<\/b>\n<p>HWATIME<\/li>\n<li class=\"li3\"><b> Model:<\/b>\n<p>T10<\/li>\n<li class=\"li6\"><\/li>\n<li class=\"li3\"><b> Monit\u00f6r \u00d6zellikleri<\/b><\/li>\n<li class=\"li3\"><b> Merkezi Monit\u00f6r Sistemine Ba\u011flanabilme:<\/b>\n<p>VAR<\/li>\n<li class=\"li3\"><b> Monit\u00f6r Ekran Tipi:<\/b>\n<p>LCD Renkli<\/li>\n<li class=\"li3\"><b> Monit\u00f6r Ekran \u00c7\u00f6z\u00fcn\u00fcrl\u00fc\u011f\u00fc:<\/b>\n<p>800&#215;600<\/li>\n<li class=\"li3\"><b> Monit\u00f6r Batarya \u00d6zelli\u011fi:<\/b>\n<p>Lityum Batarya<\/li>\n<li class=\"li3\"><b> Monit\u00f6r Haf\u0131za \u00d6zelli\u011fi:<\/b>\n<p>Var<\/li>\n<li class=\"li3\"><b> Monit\u00f6r Ekran Boyutu (in\u00e7):<\/b>\n<p>10<\/li>\n<\/ul>\n<h4 class=\"p1\"><b>Di\u011fer \u00d6zellikler<\/b><\/h4>\n<p class=\"p8\">T\u00fcrk\u00e7e men\u00fc A\u00e7\u0131land\u0131r\u0131labilir ekran Dalga ekran\u0131 ve B\u00fcy\u00fck rakam ekran\u0131 se\u00e7ilebilir Bask\u0131 uzunlu\u011fu ve \u00e7al\u0131\u015fma s\u00fcresi ayarlanabilir Otomatik ve manuel Fetal hareket kayd\u0131 Fischer ve Krebs y\u00f6ntemi ile skorlama Cihaz \u00fczerinde problar\u0131n konuldu\u011fu b\u00f6l\u00fcm bulunmaktad\u0131r<\/p>\n","protected":false},"excerpt":{"rendered":"<h5 class=\"p2\">Hwatime marka T10 model Fetal monit\u00f6r<\/h5>\n<p class=\"p3\">DMO \u00dcr\u00fcn Kodu:\u00a067402 -K3493<\/p>\n<p>&nbsp;<\/p>\n","protected":false},"featured_media":11867,"comment_status":"closed","ping_status":"closed","template":"","meta":[],"product_cat":[68],"product_tag":[91,90,92],"class_list":{"0":"post-11784","1":"product","2":"type-product","3":"status-publish","4":"has-post-thumbnail","6":"product_cat-fetal-monitorler","7":"product_tag-fetal-monitor","8":"product_tag-tetra-medical","9":"product_tag-tetra-medical-fetal-monitor","11":"first","12":"instock","13":"shipping-taxable","14":"product-type-simple"},"jetpack_sharing_enabled":true,"_links":{"self":[{"href":"https:\/\/tetramedmedical.com\/index.php?rest_route=\/wp\/v2\/product\/11784","targetHints":{"allow":["GET"]}}],"collection":[{"href":"https:\/\/tetramedmedical.com\/index.php?rest_route=\/wp\/v2\/product"}],"about":[{"href":"https:\/\/tetramedmedical.com\/index.php?rest_route=\/wp\/v2\/types\/product"}],"replies":[{"embeddable":true,"href":"https:\/\/tetramedmedical.com\/index.php?rest_route=%2Fwp%2Fv2%2Fcomments&post=11784"}],"version-history":[{"count":2,"href":"https:\/\/tetramedmedical.com\/index.php?rest_route=\/wp\/v2\/product\/11784\/revisions"}],"predecessor-version":[{"id":12324,"href":"https:\/\/tetramedmedical.com\/index.php?rest_route=\/wp\/v2\/product\/11784\/revisions\/12324"}],"wp:featuredmedia":[{"embeddable":true,"href":"https:\/\/tetramedmedical.com\/index.php?rest_route=\/wp\/v2\/media\/11867"}],"wp:attachment":[{"href":"https:\/\/tetramedmedical.com\/index.php?rest_route=%2Fwp%2Fv2%2Fmedia&parent=11784"}],"wp:term":[{"taxonomy":"product_cat","embeddable":true,"href":"https:\/\/tetramedmedical.com\/index.php?rest_route=%2Fwp%2Fv2%2Fproduct_cat&post=11784"},{"taxonomy":"product_tag","embeddable":true,"href":"https:\/\/tetramedmedical.com\/index.php?rest_route=%2Fwp%2Fv2%2Fproduct_tag&post=11784"}],"curies":[{"name":"wp","href":"https:\/\/api.w.org\/{rel}","templated":true}]}}