{"id":11783,"date":"2023-05-02T11:03:06","date_gmt":"2023-05-02T08:03:06","guid":{"rendered":"https:\/\/tetramed.shnsoftware.com.tr\/?post_type=product&#038;p=11783"},"modified":"2023-05-03T17:06:13","modified_gmt":"2023-05-03T14:06:13","slug":"rencare-e1200-plus-ekg-cihazi","status":"publish","type":"product","link":"https:\/\/tetramedmedical.com\/?product=rencare-e1200-plus-ekg-cihazi","title":{"rendered":"Rencare e1200 plus ekg cihaz\u0131"},"content":{"rendered":"<div class=\"title-nav\">\n<h2 style=\"text-align: center;\">\u00dcr\u00fcn Bilgileri<\/h2>\n<\/div>\n<p>Rencare marka e1200plus model 12 Kanall\u0131 Ekg Cihaz\u0131<\/p>\n<div class=\"meta-row\">\n<div class=\"row\">\n<div class=\"inline col-md-4\"><label>DMO \u00dcr\u00fcn Kodu:<\/label>\u00a098919 -K3493<\/div>\n<div class=\"inline col-md-4\"><label>\u00d6l\u00e7\u00fc Birimi:<\/label>\u00a0Adet<\/div>\n<div class=\"inline col-md-4\"><label>Orijinal \u00dcr\u00fcn Kodu:<\/label>\u00a0E1200plus<\/div>\n<div class=\"inline col-md-4\"><label>Garanti S\u00fcresi:<\/label>\u00a024 (Ay)<\/div>\n<div>\n<div class=\"title-nav\">\n<h4 style=\"text-align: center;\">\u00dcr\u00fcn \u00d6zellikleri<\/h4>\n<\/div>\n<p>&nbsp;<\/p>\n<ul class=\"row tabled-data\">\n<li class=\"col-md-6\">\n<div class=\"col-md-6\"><b>\u00dcr\u00fcn Tipi:<\/b><\/div>\n<div class=\"value col-md-6\">EKG<\/div>\n<\/li>\n<li class=\"col-md-6\">\n<div class=\"col-md-6\"><b>Orijinal \u00dcr\u00fcn Kodu:<\/b><\/div>\n<div class=\"value col-md-6\">E1200plus<\/div>\n<\/li>\n<li class=\"col-md-12\">\n<div class=\"col-xs-12\"><b>EKG \u00d6zellikleri<\/b><\/div>\n<\/li>\n<li class=\"col-md-6\">\n<div class=\"col-md-6\"><b>Cihaz Analiz \u00d6zelli\u011fi:<\/b><\/div>\n<div class=\"value col-md-6\">EVET\/VAR<\/div>\n<\/li>\n<li class=\"col-md-6\">\n<div class=\"col-md-6\"><b>Cihaz Yorum \u00d6zelli\u011fi:<\/b><\/div>\n<div class=\"value col-md-6\">EVET\/VAR<\/div>\n<\/li>\n<li class=\"col-md-6\">\n<div class=\"col-md-6\"><b>Kaydedici H\u0131z\u0131 (mm\/sn):<\/b><\/div>\n<div class=\"value col-md-6\">5 Mm\/S, 6.25 Mm\/S,10mm\/S,12.5 Mm\/S, 25 Mm\/S,50 Mm\/S,(\u00b13%)<\/div>\n<\/li>\n<li class=\"col-md-6\">\n<div class=\"col-md-6\"><b>Batarya \u00d6zelli\u011fi:<\/b><\/div>\n<div class=\"value col-md-6\">EVET\/VAR<\/div>\n<\/li>\n<li class=\"col-md-6\">\n<div class=\"col-md-6\"><b>Aritmi Modu:<\/b><\/div>\n<div class=\"value col-md-6\">EVET\/VAR<\/div>\n<\/li>\n<li class=\"col-md-6\">\n<div class=\"col-md-6\"><b>Analiz \u00d6rnekleme De\u011feri (\u00f6rnek\/sn):<\/b><\/div>\n<div class=\"value col-md-6\">16000<\/div>\n<\/li>\n<li class=\"col-md-6\">\n<div class=\"col-md-6\"><b>Giri\u015f \u00d6rnekleme H\u0131z\u0131 (\u00f6rnek\/sn):<\/b><\/div>\n<div class=\"value col-md-6\">16000<\/div>\n<\/li>\n<li class=\"col-md-6\">\n<div class=\"col-md-6\"><b>HL7 Sistemine Ba\u011flanabilme \u00d6zelli\u011fi:<\/b><\/div>\n<div class=\"value col-md-6\">VAR<\/div>\n<\/li>\n<\/ul>\n<\/div>\n<div>\n<ul class=\"row tabled-data\">\n<li class=\"col-md-6\">\n<div class=\"col-md-6\"><b>Haf\u0131za \u00d6zelli\u011fi:<\/b><\/div>\n<div class=\"value col-md-6\">Dahili Olarak 1000 EKG Kayd\u0131na Kadar Kaydeder<\/div>\n<\/li>\n<\/ul>\n<ul class=\"row tabled-data\">\n<li class=\"col-md-6\">\n<div class=\"col-md-6\"><b>Kanal Say\u0131s\u0131:<\/b><\/div>\n<div class=\"value col-md-6\">12 KANALLI<\/div>\n<\/li>\n<li class=\"col-md-6\">\n<div class=\"col-md-6\"><b>Ekran \u00d6zelli\u011fi:<\/b><\/div>\n<div class=\"value col-md-6\">9.7 In\u00e7 Dokunmatik Ekran, 1024*768 Piksel \u00c7\u00f6z\u00fcn\u00fcrl\u00fck<\/div>\n<\/li>\n<li class=\"col-md-6\">\n<div class=\"col-md-6\"><b>Yaz\u0131c\u0131 Hassasiyet De\u011feri (mV):<\/b><\/div>\n<div class=\"value col-md-6\">2,5mm\/MV,5 Mm\/MV,10 Mm\/MV,20 Mm\/MV,10\/5 Mm\/MV, AGC \u00b15%<\/div>\n<\/li>\n<li class=\"col-md-6\">\n<div class=\"col-md-6\"><b>Defibrilat\u00f6r Korumas\u0131:<\/b><\/div>\n<div class=\"value col-md-6\">EVET\/VAR<\/div>\n<\/li>\n<li class=\"col-md-6\">\n<div class=\"col-md-6\"><b>Ekran Boyutu (\u0130n\u00e7): <\/b>9,7<\/div>\n<\/li>\n<\/ul>\n<ul class=\"row tabled-data\">\n<li class=\"col-md-12\">\n<div class=\"col-xs-12\"><b>Hastane Donan\u0131m\u0131 \u00d6zellikleri<\/b><\/div>\n<\/li>\n<li class=\"col-md-6\">\n<div class=\"col-md-6\"><b>Marka: <\/b>RENCARE<\/div>\n<\/li>\n<li class=\"col-md-6\">\n<div class=\"col-md-6\"><b>Model: <\/b>E1200plus<\/div>\n<\/li>\n<\/ul>\n<h4 style=\"text-align: center;\"><b>Di\u011fer \u00d6zellikler<\/b><\/h4>\n<p>HIS ile sorunsuz bir \u015fekilde ba\u011flant\u0131 kurarak DAT, SCP, PDF, XML, DICOM ve Cihaz, ta\u015f\u0131ma trolleyi ile birlikte teslim edilecektir. Standart Wifi \u00f6zelli\u011fi sayesinde Hastane Otomasyon Sistemi ve Yo\u011fun Bak\u0131m Bilgi Y\u00f6netim Sistemi ile do\u011frudan ba\u011flant\u0131, Tam klavye ve dokunmatik ekran ile \u00e7al\u0131\u015fma, Kalp pili alg\u0131lama, 16000 Hz \u00f6rnekleme, Otomatik do\u011fru \u00f6l\u00e7\u00fcmler ve yorumlama i\u00e7in geli\u015fmi\u015f Might-gold algoritmas\u0131, i\u015flistesini destekler. Harici USB yaz\u0131c\u0131, Klavye, Fare, Barkod taray\u0131c\u0131 vb. deste\u011fi.<\/p>\n<\/div>\n<\/div>\n<\/div>\n","protected":false},"excerpt":{"rendered":"<p>Rencare marka e1200plus model 12 Kanall\u0131 Ekg Cihaz\u0131<\/p>\n<div class=\"col-md-6\"><b>\u00dcr\u00fcn Kodu:<\/b><\/div>\n<div class=\"value col-md-6\">E1200plus<\/div>\n<div><\/div>\n<div><img decoding=\"async\" class=\"alignnone size-full wp-image-7943\" src=\"https:\/\/tetramedmedical.com\/wp-content\/uploads\/2023\/04\/yeni-yerli.png\" alt=\"\" width=\"300\" height=\"129\" \/><\/div>\n","protected":false},"featured_media":11862,"comment_status":"closed","ping_status":"closed","template":"","meta":[],"product_cat":[72],"product_tag":[],"class_list":{"0":"post-11783","1":"product","2":"type-product","3":"status-publish","4":"has-post-thumbnail","6":"product_cat-ekg-cihazlari","8":"first","9":"instock","10":"shipping-taxable","11":"product-type-simple"},"jetpack_sharing_enabled":true,"_links":{"self":[{"href":"https:\/\/tetramedmedical.com\/index.php?rest_route=\/wp\/v2\/product\/11783","targetHints":{"allow":["GET"]}}],"collection":[{"href":"https:\/\/tetramedmedical.com\/index.php?rest_route=\/wp\/v2\/product"}],"about":[{"href":"https:\/\/tetramedmedical.com\/index.php?rest_route=\/wp\/v2\/types\/product"}],"replies":[{"embeddable":true,"href":"https:\/\/tetramedmedical.com\/index.php?rest_route=%2Fwp%2Fv2%2Fcomments&post=11783"}],"version-history":[{"count":2,"href":"https:\/\/tetramedmedical.com\/index.php?rest_route=\/wp\/v2\/product\/11783\/revisions"}],"predecessor-version":[{"id":12323,"href":"https:\/\/tetramedmedical.com\/index.php?rest_route=\/wp\/v2\/product\/11783\/revisions\/12323"}],"wp:featuredmedia":[{"embeddable":true,"href":"https:\/\/tetramedmedical.com\/index.php?rest_route=\/wp\/v2\/media\/11862"}],"wp:attachment":[{"href":"https:\/\/tetramedmedical.com\/index.php?rest_route=%2Fwp%2Fv2%2Fmedia&parent=11783"}],"wp:term":[{"taxonomy":"product_cat","embeddable":true,"href":"https:\/\/tetramedmedical.com\/index.php?rest_route=%2Fwp%2Fv2%2Fproduct_cat&post=11783"},{"taxonomy":"product_tag","embeddable":true,"href":"https:\/\/tetramedmedical.com\/index.php?rest_route=%2Fwp%2Fv2%2Fproduct_tag&post=11783"}],"curies":[{"name":"wp","href":"https:\/\/api.w.org\/{rel}","templated":true}]}}