{"id":11782,"date":"2023-05-02T11:03:06","date_gmt":"2023-05-02T08:03:06","guid":{"rendered":"https:\/\/tetramed.shnsoftware.com.tr\/?post_type=product&#038;p=11782"},"modified":"2023-05-03T17:06:13","modified_gmt":"2023-05-03T14:06:13","slug":"rencare-e1800-plus-ekg-cihazi","status":"publish","type":"product","link":"https:\/\/tetramedmedical.com\/?product=rencare-e1800-plus-ekg-cihazi","title":{"rendered":"Rencare e1800 plus ekg cihaz\u0131"},"content":{"rendered":"<h3 style=\"text-align: center;\">\u00dcr\u00fcn Bilgileri<\/h3>\n<ul class=\"ul1\">\n<li class=\"li1\"><b>\u00dcr\u00fcn Tipi:<\/b>\n<p>EKG<\/li>\n<li class=\"li1\"><b>Orijinal \u00dcr\u00fcn Kodu:<\/b>\n<p>E1800plus<\/li>\n<li class=\"li1\"><b>HL7 Sistemine Ba\u011flanabilme \u00d6zelli\u011fi:<\/b>\n<p>VAR<\/li>\n<li class=\"li1\"><b>Kay\u0131t Formatlar\u0131:<\/b>\n<p>3\u00d74, 3\u00d74+1R, 3\u00d74+3R, 6\u00d72, 6\u00d72+1R Veya 12\u00d71<\/li>\n<li class=\"li1\"><b>Cihaz Analiz \u00d6zelli\u011fi:<\/b>\n<p>EVET\/VAR<\/li>\n<li class=\"li1\"><b>Cihaz Yorum \u00d6zelli\u011fi:<\/b>\n<p>EVET\/VAR<\/li>\n<li class=\"li1\"><b>Kaydedici H\u0131z\u0131 (mm\/sn):<\/b>\n<p>5 Mm\/S, 6.25 Mm\/S,10mm\/S,12.5 Mm\/S, 25 Mm\/S,50 Mm\/S,(\u00b13%)<\/li>\n<li class=\"li1\"><b>Batarya \u00d6zelli\u011fi:<\/b>\n<p>EVET\/VAR<\/li>\n<li class=\"li1\"><b>Aritmi Modu:<\/b>\n<p>EVET\/VAR<\/li>\n<li class=\"li1\"><b>Analiz \u00d6rnekleme De\u011feri (\u00f6rnek\/sn):<\/b>\n<p>16000<\/li>\n<li class=\"li1\"><b>Giri\u015f \u00d6rnekleme H\u0131z\u0131 (\u00f6rnek\/sn):<\/b>\n<p>16000<\/li>\n<\/ul>\n<h4><\/h4>\n<h4 style=\"text-align: center;\">Elektrokardiyogram \u00d6zellikleri<\/h4>\n<ul class=\"ul1\">\n<li class=\"li1\"><b>Kanal Say\u0131s\u0131:<\/b>\n<p>12 KANALLI<\/li>\n<li class=\"li1\"><b>Ekran \u00d6zelli\u011fi:<\/b>\n<p>10.1 In\u00e7 Dokunmatik Ekran, 1024*600 Piksel \u00c7\u00f6z\u00fcn\u00fcrl\u00fck<\/li>\n<li class=\"li1\"><b>Haf\u0131za \u00d6zelli\u011fi:<\/b>\n<p>Dahili Olarak 1000 EKG Kayd\u0131na Kadar Kaydeder<\/li>\n<li class=\"li1\"><b>Yaz\u0131c\u0131 Hassasiyet De\u011feri (mV):<\/b>\n<p>2,5mm\/MV,5 Mm\/MV,10 Mm\/MV,20 Mm\/MV,10\/5 Mm\/MV, AGC \u00b15%<\/li>\n<li class=\"li1\"><b>Defibrilat\u00f6r Korumas\u0131:<\/b>\n<p>EVET\/VAR<\/li>\n<li class=\"li1\"><b>Ekran Boyutu (\u0130n\u00e7):<\/b>\n<p>10,1<\/li>\n<\/ul>\n<h4><\/h4>\n<h4 style=\"text-align: center;\">Hastane Donan\u0131m\u0131 \u00d6zellikleri<\/h4>\n<ul class=\"ul1\">\n<li class=\"li1\"><b>Marka:<\/b>\n<p>RENCARE<\/li>\n<li class=\"li1\"><b>Model:<\/b>\n<p>E1800plus<\/li>\n<\/ul>\n<p>&nbsp;<\/p>\n<h4 style=\"text-align: center;\">Di\u011fer \u00d6zellikler<\/h4>\n<p class=\"p1\">Cihaz, ta\u015f\u0131ma trolleyi ile birlikte teslim edilecektir. Standart Wifi \u00f6zelli\u011fi sayesinde Hastane Otomasyon Sistemi ve Yo\u011fun Bak\u0131m Bilgi Y\u00f6netim Sistemi ile do\u011frudan ba\u011flant\u0131, Tam klavye ve dokunmatik ekran ile \u00e7al\u0131\u015fma, Kalp pili alg\u0131lama, 16000 Hz \u00f6rnekleme, Otomatik do\u011fru \u00f6l\u00e7\u00fcmler ve yorumlama i\u00e7in geli\u015fmi\u015f Might-gold algoritmas\u0131, HIS ile sorunsuz bir \u015fekilde ba\u011flant\u0131 kurarak DAT, SCP, PDF, XML, DICOM ve i\u015flistesini destekler. Harici USB yaz\u0131c\u0131, Klavye, Fare, Barkod taray\u0131c\u0131 vb. deste\u011fi. Harici \u00f6rnekleme kutusu ile kullan\u0131m kolayl\u0131\u011f\u0131<\/p>\n","protected":false},"excerpt":{"rendered":"<p>Rencare marka e1800plus model 12 Kanall\u0131 Ekg Cihaz\u0131<\/p>\n<div class=\"inline col-md-4\"><label>DMO \u00dcr\u00fcn Kodu:<\/label>\u00a098920 -K3493<\/div>\n<div><\/div>\n<div class=\"inline col-md-4\"><img decoding=\"async\" class=\"alignnone size-full wp-image-7943\" src=\"https:\/\/tetramedmedical.com\/wp-content\/uploads\/2023\/04\/yeni-yerli.png\" alt=\"\" width=\"300\" height=\"129\" \/><\/div>\n","protected":false},"featured_media":11858,"comment_status":"closed","ping_status":"closed","template":"","meta":[],"product_cat":[72],"product_tag":[89,90],"class_list":{"0":"post-11782","1":"product","2":"type-product","3":"status-publish","4":"has-post-thumbnail","6":"product_cat-ekg-cihazlari","7":"product_tag-ekg-cihazlari","8":"product_tag-tetra-medical","10":"first","11":"instock","12":"shipping-taxable","13":"product-type-simple"},"jetpack_sharing_enabled":true,"_links":{"self":[{"href":"https:\/\/tetramedmedical.com\/index.php?rest_route=\/wp\/v2\/product\/11782","targetHints":{"allow":["GET"]}}],"collection":[{"href":"https:\/\/tetramedmedical.com\/index.php?rest_route=\/wp\/v2\/product"}],"about":[{"href":"https:\/\/tetramedmedical.com\/index.php?rest_route=\/wp\/v2\/types\/product"}],"replies":[{"embeddable":true,"href":"https:\/\/tetramedmedical.com\/index.php?rest_route=%2Fwp%2Fv2%2Fcomments&post=11782"}],"version-history":[{"count":2,"href":"https:\/\/tetramedmedical.com\/index.php?rest_route=\/wp\/v2\/product\/11782\/revisions"}],"predecessor-version":[{"id":12322,"href":"https:\/\/tetramedmedical.com\/index.php?rest_route=\/wp\/v2\/product\/11782\/revisions\/12322"}],"wp:featuredmedia":[{"embeddable":true,"href":"https:\/\/tetramedmedical.com\/index.php?rest_route=\/wp\/v2\/media\/11858"}],"wp:attachment":[{"href":"https:\/\/tetramedmedical.com\/index.php?rest_route=%2Fwp%2Fv2%2Fmedia&parent=11782"}],"wp:term":[{"taxonomy":"product_cat","embeddable":true,"href":"https:\/\/tetramedmedical.com\/index.php?rest_route=%2Fwp%2Fv2%2Fproduct_cat&post=11782"},{"taxonomy":"product_tag","embeddable":true,"href":"https:\/\/tetramedmedical.com\/index.php?rest_route=%2Fwp%2Fv2%2Fproduct_tag&post=11782"}],"curies":[{"name":"wp","href":"https:\/\/api.w.org\/{rel}","templated":true}]}}