{"id":11779,"date":"2023-05-02T11:03:06","date_gmt":"2023-05-02T08:03:06","guid":{"rendered":"https:\/\/tetramed.shnsoftware.com.tr\/?post_type=product&#038;p=11779"},"modified":"2023-05-03T17:06:12","modified_gmt":"2023-05-03T14:06:12","slug":"ilac-depolama-arabasi","status":"publish","type":"product","link":"https:\/\/tetramedmedical.com\/?product=ilac-depolama-arabasi","title":{"rendered":"\u0130la\u00e7 depolama arabas\u0131"},"content":{"rendered":"<p>-YERL\u0130 \u00dcRET\u0130M-<\/p>\n<p>\u2022 \u00dcst tabla antibakteriyel ABS malzeme<\/p>\n<p>\u2022 Teleskobik fren rayl\u0131 \u00e7ekmeceler<\/p>\n<p>\u2022 \u00d6zel tasar\u0131m g\u00f6vde, HPL \u00e7ekmeceler<\/p>\n<p>\u2022 DKP profil \u00fczeri elektrostatik toz boyal\u0131 i\u00e7 iskelet sistemi<\/p>\n<p>\u2022 \u0130kisi frenli d\u00f6rt adet teker<\/p>\n","protected":false},"excerpt":{"rendered":"<p>MODEL:TTM-\u0130DA-10<\/p>\n","protected":false},"featured_media":11849,"comment_status":"open","ping_status":"closed","template":"","meta":[],"product_cat":[76],"product_tag":[83,86,79,80],"class_list":{"0":"post-11779","1":"product","2":"type-product","3":"status-publish","4":"has-post-thumbnail","6":"product_cat-ilac-arabasi-grubu","7":"product_tag-hastahane","8":"product_tag-ilacarabasi","9":"product_tag-medical","10":"product_tag-saglik","12":"first","13":"instock","14":"shipping-taxable","15":"product-type-simple"},"jetpack_sharing_enabled":true,"_links":{"self":[{"href":"https:\/\/tetramedmedical.com\/index.php?rest_route=\/wp\/v2\/product\/11779","targetHints":{"allow":["GET"]}}],"collection":[{"href":"https:\/\/tetramedmedical.com\/index.php?rest_route=\/wp\/v2\/product"}],"about":[{"href":"https:\/\/tetramedmedical.com\/index.php?rest_route=\/wp\/v2\/types\/product"}],"replies":[{"embeddable":true,"href":"https:\/\/tetramedmedical.com\/index.php?rest_route=%2Fwp%2Fv2%2Fcomments&post=11779"}],"version-history":[{"count":2,"href":"https:\/\/tetramedmedical.com\/index.php?rest_route=\/wp\/v2\/product\/11779\/revisions"}],"predecessor-version":[{"id":12319,"href":"https:\/\/tetramedmedical.com\/index.php?rest_route=\/wp\/v2\/product\/11779\/revisions\/12319"}],"wp:featuredmedia":[{"embeddable":true,"href":"https:\/\/tetramedmedical.com\/index.php?rest_route=\/wp\/v2\/media\/11849"}],"wp:attachment":[{"href":"https:\/\/tetramedmedical.com\/index.php?rest_route=%2Fwp%2Fv2%2Fmedia&parent=11779"}],"wp:term":[{"taxonomy":"product_cat","embeddable":true,"href":"https:\/\/tetramedmedical.com\/index.php?rest_route=%2Fwp%2Fv2%2Fproduct_cat&post=11779"},{"taxonomy":"product_tag","embeddable":true,"href":"https:\/\/tetramedmedical.com\/index.php?rest_route=%2Fwp%2Fv2%2Fproduct_tag&post=11779"}],"curies":[{"name":"wp","href":"https:\/\/api.w.org\/{rel}","templated":true}]}}