{"id":11778,"date":"2023-05-02T11:03:06","date_gmt":"2023-05-02T08:03:06","guid":{"rendered":"https:\/\/tetramed.shnsoftware.com.tr\/?post_type=product&#038;p=11778"},"modified":"2023-05-03T17:06:12","modified_gmt":"2023-05-03T14:06:12","slug":"ilac-tedavi-ve-anestezi-arabasi","status":"publish","type":"product","link":"https:\/\/tetramedmedical.com\/?product=ilac-tedavi-ve-anestezi-arabasi","title":{"rendered":"\u0130la\u00e7 tedavi ve anestezi arabas\u0131"},"content":{"rendered":"<p>-YERL\u0130 \u00dcRET\u0130M-<\/p>\n<p>\u2022 \u00dcst tabla antibakteriyel ABS malzeme<\/p>\n<p>\u2022 Teleskobik fren rayl\u0131 \u00e7ekmeceler<\/p>\n<p>\u2022 \u00d6zel tasar\u0131m g\u00f6vde, ila\u00e7 saklama aparatl\u0131 HPL \u00e7ekmeceler<\/p>\n<p>\u2022 12 g\u00f6zl\u00fc antibakteriyel ila\u00e7 saklama g\u00f6z\u00fc<\/p>\n<p>\u2022 DKP profil \u00fczeri elektrostatik toz boyal\u0131 i\u00e7 iskelet sistemi<\/p>\n<p>\u2022 \u0130kisi frenli d\u00f6rt adet teker<\/p>\n<p>\u2022 \u00c7\u00f6p kovas\u0131<\/p>\n","protected":false},"excerpt":{"rendered":"<p>MODEL:TTM-MTA-90<\/p>\n","protected":false},"featured_media":11847,"comment_status":"open","ping_status":"closed","template":"","meta":[],"product_cat":[76],"product_tag":[81,82,83,84,79,80,85],"class_list":{"0":"post-11778","1":"product","2":"type-product","3":"status-publish","4":"has-post-thumbnail","6":"product_cat-ilac-arabasi-grubu","7":"product_tag-doktor","8":"product_tag-hasta","9":"product_tag-hastahane","10":"product_tag-ilac","11":"product_tag-medical","12":"product_tag-saglik","13":"product_tag-tibbimalzeme","15":"first","16":"instock","17":"shipping-taxable","18":"product-type-simple"},"jetpack_sharing_enabled":true,"_links":{"self":[{"href":"https:\/\/tetramedmedical.com\/index.php?rest_route=\/wp\/v2\/product\/11778","targetHints":{"allow":["GET"]}}],"collection":[{"href":"https:\/\/tetramedmedical.com\/index.php?rest_route=\/wp\/v2\/product"}],"about":[{"href":"https:\/\/tetramedmedical.com\/index.php?rest_route=\/wp\/v2\/types\/product"}],"replies":[{"embeddable":true,"href":"https:\/\/tetramedmedical.com\/index.php?rest_route=%2Fwp%2Fv2%2Fcomments&post=11778"}],"version-history":[{"count":2,"href":"https:\/\/tetramedmedical.com\/index.php?rest_route=\/wp\/v2\/product\/11778\/revisions"}],"predecessor-version":[{"id":12318,"href":"https:\/\/tetramedmedical.com\/index.php?rest_route=\/wp\/v2\/product\/11778\/revisions\/12318"}],"wp:featuredmedia":[{"embeddable":true,"href":"https:\/\/tetramedmedical.com\/index.php?rest_route=\/wp\/v2\/media\/11847"}],"wp:attachment":[{"href":"https:\/\/tetramedmedical.com\/index.php?rest_route=%2Fwp%2Fv2%2Fmedia&parent=11778"}],"wp:term":[{"taxonomy":"product_cat","embeddable":true,"href":"https:\/\/tetramedmedical.com\/index.php?rest_route=%2Fwp%2Fv2%2Fproduct_cat&post=11778"},{"taxonomy":"product_tag","embeddable":true,"href":"https:\/\/tetramedmedical.com\/index.php?rest_route=%2Fwp%2Fv2%2Fproduct_tag&post=11778"}],"curies":[{"name":"wp","href":"https:\/\/api.w.org\/{rel}","templated":true}]}}