{"id":11776,"date":"2023-05-02T11:03:05","date_gmt":"2023-05-02T08:03:05","guid":{"rendered":"https:\/\/tetramed.shnsoftware.com.tr\/?post_type=product&#038;p=11776"},"modified":"2023-05-03T17:06:11","modified_gmt":"2023-05-03T14:06:11","slug":"hingmed-dbp-01hp-klinik-otomatik-kan-basinci-monitoru","status":"publish","type":"product","link":"https:\/\/tetramedmedical.com\/?product=hingmed-dbp-01hp-klinik-otomatik-kan-basinci-monitoru","title":{"rendered":"H\u0131ngmed dbp-01hb klinik otomatik kan bas\u0131nc\u0131 monit\u00f6r\u00fc"},"content":{"rendered":"<p>\u2022 Hareket tolerans\u0131, Nab\u0131z dalgas\u0131 anti-parazit teknolojisi<\/p>\n<p>\u2022 \u015ei\u015firme s\u0131ras\u0131nda \u00f6l\u00e7\u00fcm, Ak\u0131ll\u0131, H\u0131zl\u0131 ve Rahat, yaln\u0131zca 22 saniyede \u00f6l\u00e7\u00fcm<\/p>\n<p>\u2022 Man\u015fet silindiri yukar\u0131-a\u015fa\u011f\u0131 sa\u011f-sol a\u00e7\u0131da ayarlanabilir, kullan\u0131c\u0131 v\u00fccut<\/p>\n<p>pozisyonuna kolayca uyar<\/p>\n<p>\u2022 K\u0131z\u0131l\u00f6tesi alg\u0131lama, \u00d6n haz\u0131rl\u0131k.<\/p>\n<p>\u2022 Dirsek pozisyon sens\u00f6r\u00fcnde dirsek pozisyonunun otomatik hat\u0131rlat\u0131lmas\u0131.<\/p>\n<p>\u2022 9999 adet haf\u0131za kayd\u0131<\/p>\n<p>\u2022 Termal yaz\u0131c\u0131<\/p>\n<p>\u2022 Mod\u00fcler tasar\u0131m, montaj\u0131 kolay<\/p>\n<p>\u2022 Portlar:232 ba\u011flant\u0131 portu, USB ba\u011flant\u0131 portu, Ethernet<\/p>\n","protected":false},"excerpt":{"rendered":"<p>\u2022 Hareket tolerans\u0131, Nab\u0131z dalgas\u0131 anti-parazit teknolojisi \u2022 \u015ei\u015firme s\u0131ras\u0131nda \u00f6l\u00e7\u00fcm, Ak\u0131ll\u0131, H\u0131zl\u0131 ve Rahat, yaln\u0131zca 22 saniyede \u00f6l\u00e7\u00fcm \u2022<\/p>\n","protected":false},"featured_media":11836,"comment_status":"open","ping_status":"closed","template":"","meta":[],"product_cat":[74],"product_tag":[],"class_list":{"0":"post-11776","1":"product","2":"type-product","3":"status-publish","4":"has-post-thumbnail","6":"product_cat-tansiyon-cihazlari","8":"first","9":"instock","10":"shipping-taxable","11":"product-type-simple"},"jetpack_sharing_enabled":true,"_links":{"self":[{"href":"https:\/\/tetramedmedical.com\/index.php?rest_route=\/wp\/v2\/product\/11776","targetHints":{"allow":["GET"]}}],"collection":[{"href":"https:\/\/tetramedmedical.com\/index.php?rest_route=\/wp\/v2\/product"}],"about":[{"href":"https:\/\/tetramedmedical.com\/index.php?rest_route=\/wp\/v2\/types\/product"}],"replies":[{"embeddable":true,"href":"https:\/\/tetramedmedical.com\/index.php?rest_route=%2Fwp%2Fv2%2Fcomments&post=11776"}],"version-history":[{"count":2,"href":"https:\/\/tetramedmedical.com\/index.php?rest_route=\/wp\/v2\/product\/11776\/revisions"}],"predecessor-version":[{"id":12316,"href":"https:\/\/tetramedmedical.com\/index.php?rest_route=\/wp\/v2\/product\/11776\/revisions\/12316"}],"wp:featuredmedia":[{"embeddable":true,"href":"https:\/\/tetramedmedical.com\/index.php?rest_route=\/wp\/v2\/media\/11836"}],"wp:attachment":[{"href":"https:\/\/tetramedmedical.com\/index.php?rest_route=%2Fwp%2Fv2%2Fmedia&parent=11776"}],"wp:term":[{"taxonomy":"product_cat","embeddable":true,"href":"https:\/\/tetramedmedical.com\/index.php?rest_route=%2Fwp%2Fv2%2Fproduct_cat&post=11776"},{"taxonomy":"product_tag","embeddable":true,"href":"https:\/\/tetramedmedical.com\/index.php?rest_route=%2Fwp%2Fv2%2Fproduct_tag&post=11776"}],"curies":[{"name":"wp","href":"https:\/\/api.w.org\/{rel}","templated":true}]}}