{"id":11774,"date":"2023-05-02T11:03:05","date_gmt":"2023-05-02T08:03:05","guid":{"rendered":"https:\/\/tetramed.shnsoftware.com.tr\/?post_type=product&#038;p=11774"},"modified":"2023-05-03T17:06:11","modified_gmt":"2023-05-03T14:06:11","slug":"kubbe-pedi","status":"publish","type":"product","link":"https:\/\/tetramedmedical.com\/?product=kubbe-pedi","title":{"rendered":"Kubbe pedi"},"content":{"rendered":"<p>Cilt bas\u0131nc\u0131n\u0131 serbest b\u0131rak\u0131r.<\/p>\n","protected":false},"excerpt":{"rendered":"<p>Cilt bas\u0131nc\u0131n\u0131 serbest b\u0131rak\u0131r.<\/p>\n","protected":false},"featured_media":11830,"comment_status":"closed","ping_status":"closed","template":"","meta":[],"product_cat":[102,75],"product_tag":[],"class_list":{"0":"post-11774","1":"product","2":"type-product","3":"status-publish","4":"has-post-thumbnail","6":"product_cat-hasta-yataklari","7":"product_cat-yerli-urunler","9":"first","10":"instock","11":"shipping-taxable","12":"product-type-simple"},"jetpack_sharing_enabled":true,"_links":{"self":[{"href":"https:\/\/tetramedmedical.com\/index.php?rest_route=\/wp\/v2\/product\/11774","targetHints":{"allow":["GET"]}}],"collection":[{"href":"https:\/\/tetramedmedical.com\/index.php?rest_route=\/wp\/v2\/product"}],"about":[{"href":"https:\/\/tetramedmedical.com\/index.php?rest_route=\/wp\/v2\/types\/product"}],"replies":[{"embeddable":true,"href":"https:\/\/tetramedmedical.com\/index.php?rest_route=%2Fwp%2Fv2%2Fcomments&post=11774"}],"version-history":[{"count":2,"href":"https:\/\/tetramedmedical.com\/index.php?rest_route=\/wp\/v2\/product\/11774\/revisions"}],"predecessor-version":[{"id":12314,"href":"https:\/\/tetramedmedical.com\/index.php?rest_route=\/wp\/v2\/product\/11774\/revisions\/12314"}],"wp:featuredmedia":[{"embeddable":true,"href":"https:\/\/tetramedmedical.com\/index.php?rest_route=\/wp\/v2\/media\/11830"}],"wp:attachment":[{"href":"https:\/\/tetramedmedical.com\/index.php?rest_route=%2Fwp%2Fv2%2Fmedia&parent=11774"}],"wp:term":[{"taxonomy":"product_cat","embeddable":true,"href":"https:\/\/tetramedmedical.com\/index.php?rest_route=%2Fwp%2Fv2%2Fproduct_cat&post=11774"},{"taxonomy":"product_tag","embeddable":true,"href":"https:\/\/tetramedmedical.com\/index.php?rest_route=%2Fwp%2Fv2%2Fproduct_tag&post=11774"}],"curies":[{"name":"wp","href":"https:\/\/api.w.org\/{rel}","templated":true}]}}