{"id":11769,"date":"2023-05-02T11:03:05","date_gmt":"2023-05-02T08:03:05","guid":{"rendered":"https:\/\/tetramed.shnsoftware.com.tr\/?post_type=product&#038;p=11769"},"modified":"2023-05-18T22:20:47","modified_gmt":"2023-05-18T19:20:47","slug":"northern-meditech-aquarius-vital-monitor","status":"publish","type":"product","link":"https:\/\/tetramedmedical.com\/?product=northern-meditech-aquarius-vital-monitor","title":{"rendered":"Northern meditech aquarius vital monit\u00f6r"},"content":{"rendered":"<p>\u2022 8 in\u00e7 renkli ekran<\/p>\n<p>\u2022 Yeti\u015fkin, pediatrik ve yenido\u011fan hasta kullan\u0131m\u0131na uygun<\/p>\n<p>\u2022 \u0130ste\u011fe ba\u011fl\u0131 al\u0131ndan ve kulaktan h\u0131zl\u0131 ate\u015f \u00f6l\u00e7er<\/p>\n<p>\u2022 Kablolu\/kablosuz\/3G\/4G ba\u011flant\u0131 se\u00e7enekleri<\/p>\n<p>\u2022 Wifi ile do\u011frudan HIS ve HL7 hastane bilgi sistemlerine veri<\/p>\n<p>aktarabilme<\/p>\n<p>\u2022 Barkod okuyucu deste\u011fi<\/p>\n<p>\u2022 Geli\u015fmi\u015f alarm ve erken uyar\u0131 sistemi<\/p>\n<p>\u2022 Grafik ve tablo trend haf\u0131zas\u0131<\/p>\n<p>\u2022 G\u00fc\u00e7l\u00fc bataryas\u0131 ile 15 saate kadar kesintisiz \u00e7al\u0131\u015fma<\/p>\n<p>\u2022 Kliniklerin ihtiya\u00e7lar\u0131na g\u00f6re farkl\u0131 montaj \u00e7\u00f6z\u00fcmleri<\/p>\n","protected":false},"excerpt":{"rendered":"<p>\u2022 8 in\u00e7 renkli ekran \u2022 Yeti\u015fkin, pediatrik ve yenido\u011fan hasta kullan\u0131m\u0131na uygun \u2022 \u0130ste\u011fe ba\u011fl\u0131 al\u0131ndan ve kulaktan h\u0131zl\u0131<\/p>\n","protected":false},"featured_media":11808,"comment_status":"open","ping_status":"closed","template":"","meta":[],"product_cat":[71],"product_tag":[],"class_list":{"0":"post-11769","1":"product","2":"type-product","3":"status-publish","4":"has-post-thumbnail","6":"product_cat-vital-monitor","8":"first","9":"instock","10":"shipping-taxable","11":"product-type-simple"},"jetpack_sharing_enabled":true,"_links":{"self":[{"href":"https:\/\/tetramedmedical.com\/index.php?rest_route=\/wp\/v2\/product\/11769","targetHints":{"allow":["GET"]}}],"collection":[{"href":"https:\/\/tetramedmedical.com\/index.php?rest_route=\/wp\/v2\/product"}],"about":[{"href":"https:\/\/tetramedmedical.com\/index.php?rest_route=\/wp\/v2\/types\/product"}],"replies":[{"embeddable":true,"href":"https:\/\/tetramedmedical.com\/index.php?rest_route=%2Fwp%2Fv2%2Fcomments&post=11769"}],"version-history":[{"count":2,"href":"https:\/\/tetramedmedical.com\/index.php?rest_route=\/wp\/v2\/product\/11769\/revisions"}],"predecessor-version":[{"id":12309,"href":"https:\/\/tetramedmedical.com\/index.php?rest_route=\/wp\/v2\/product\/11769\/revisions\/12309"}],"wp:featuredmedia":[{"embeddable":true,"href":"https:\/\/tetramedmedical.com\/index.php?rest_route=\/wp\/v2\/media\/11808"}],"wp:attachment":[{"href":"https:\/\/tetramedmedical.com\/index.php?rest_route=%2Fwp%2Fv2%2Fmedia&parent=11769"}],"wp:term":[{"taxonomy":"product_cat","embeddable":true,"href":"https:\/\/tetramedmedical.com\/index.php?rest_route=%2Fwp%2Fv2%2Fproduct_cat&post=11769"},{"taxonomy":"product_tag","embeddable":true,"href":"https:\/\/tetramedmedical.com\/index.php?rest_route=%2Fwp%2Fv2%2Fproduct_tag&post=11769"}],"curies":[{"name":"wp","href":"https:\/\/api.w.org\/{rel}","templated":true}]}}