{"id":11766,"date":"2023-05-02T11:03:04","date_gmt":"2023-05-02T08:03:04","guid":{"rendered":"https:\/\/tetramed.shnsoftware.com.tr\/?post_type=product&#038;p=11766"},"modified":"2023-12-20T22:42:45","modified_gmt":"2023-12-20T19:42:45","slug":"otomatik-turnike-sistemi","status":"publish","type":"product","link":"https:\/\/tetramedmedical.com\/?product=otomatik-turnike-sistemi","title":{"rendered":"Otomatik turnike sistemi"},"content":{"rendered":"<p>Ba\u011flant\u0131 Nokta Say\u0131s\u0131:\u00a0\u00c7ift Ba\u011flant\u0131 Noktas\u0131 ( Dual Port )<\/p>\n<p>Man\u015fet Say\u0131s\u0131:\u00a0\u00c7ift Man\u015fet<\/p>\n<p>Montaj Se\u00e7enekleri:\u00a0Masa veya Hareketli\u00a0Stand<\/p>\n<p>Pil Tipi ve S\u00fcresi:\u00a0Lithium\u00a0\u0130on \/ 4 saat<\/p>\n<p>Aray\u00fcz:\u00a0Dokunmatik Kullan\u0131c\u0131\u00a0Aray\u00fcz\u00fc<\/p>\n<p>Ekran:\u00a08 &#8220;Renkli Ekran<\/p>\n","protected":false},"excerpt":{"rendered":"<p>Ba\u011flant\u0131 Nokta Say\u0131s\u0131:\u00a0\u00c7ift Ba\u011flant\u0131 Noktas\u0131 ( Dual Port ) Man\u015fet Say\u0131s\u0131:\u00a0\u00c7ift Man\u015fet Montaj Se\u00e7enekleri:\u00a0Masa veya Hareketli\u00a0Stand Pil Tipi ve S\u00fcresi:\u00a0Lithium\u00a0\u0130on<\/p>\n","protected":false},"featured_media":11798,"comment_status":"open","ping_status":"closed","template":"","meta":[],"product_cat":[69],"product_tag":[],"class_list":{"0":"post-11766","1":"product","2":"type-product","3":"status-publish","4":"has-post-thumbnail","6":"product_cat-otomatik-turnike-sistemi","8":"first","9":"instock","10":"shipping-taxable","11":"product-type-simple"},"jetpack_sharing_enabled":true,"_links":{"self":[{"href":"https:\/\/tetramedmedical.com\/index.php?rest_route=\/wp\/v2\/product\/11766","targetHints":{"allow":["GET"]}}],"collection":[{"href":"https:\/\/tetramedmedical.com\/index.php?rest_route=\/wp\/v2\/product"}],"about":[{"href":"https:\/\/tetramedmedical.com\/index.php?rest_route=\/wp\/v2\/types\/product"}],"replies":[{"embeddable":true,"href":"https:\/\/tetramedmedical.com\/index.php?rest_route=%2Fwp%2Fv2%2Fcomments&post=11766"}],"version-history":[{"count":2,"href":"https:\/\/tetramedmedical.com\/index.php?rest_route=\/wp\/v2\/product\/11766\/revisions"}],"predecessor-version":[{"id":12306,"href":"https:\/\/tetramedmedical.com\/index.php?rest_route=\/wp\/v2\/product\/11766\/revisions\/12306"}],"wp:featuredmedia":[{"embeddable":true,"href":"https:\/\/tetramedmedical.com\/index.php?rest_route=\/wp\/v2\/media\/11798"}],"wp:attachment":[{"href":"https:\/\/tetramedmedical.com\/index.php?rest_route=%2Fwp%2Fv2%2Fmedia&parent=11766"}],"wp:term":[{"taxonomy":"product_cat","embeddable":true,"href":"https:\/\/tetramedmedical.com\/index.php?rest_route=%2Fwp%2Fv2%2Fproduct_cat&post=11766"},{"taxonomy":"product_tag","embeddable":true,"href":"https:\/\/tetramedmedical.com\/index.php?rest_route=%2Fwp%2Fv2%2Fproduct_tag&post=11766"}],"curies":[{"name":"wp","href":"https:\/\/api.w.org\/{rel}","templated":true}]}}