{"id":11765,"date":"2023-05-02T11:03:04","date_gmt":"2023-05-02T08:03:04","guid":{"rendered":"https:\/\/tetramed.shnsoftware.com.tr\/?post_type=product&#038;p=11765"},"modified":"2023-05-18T22:20:28","modified_gmt":"2023-05-18T19:20:28","slug":"fetal-monitor-nst-cihazi-t12","status":"publish","type":"product","link":"https:\/\/tetramedmedical.com\/?product=fetal-monitor-nst-cihazi-t12","title":{"rendered":"Fetal monit\u00f6r nst cihaz\u0131 t12"},"content":{"rendered":"<p>\u00dcr\u00fcn Kodu:\u00a0Fetal Monit\u00f6r Nst Cihaz\u0131 T12<\/p>\n<p>12,1 in\u00e7 Renkli Ekran<\/p>\n<p>90 derece e\u011fim verilebilen veya tamamen yat\u0131k olarak kullan\u0131labilen ekran<\/p>\n<p>B\u00fcy\u00fck Rakam ekran se\u00e7ene\u011fi<\/p>\n<p>Opsiyonel ikiz gebelik takibi<\/p>\n<p>Opsiyonel olarak Hastaba\u015f\u0131 Monit\u00f6r \u00f6zelli\u011fi<\/p>\n<p>Kablosuz Prob se\u00e7ene\u011fi<\/p>\n","protected":false},"excerpt":{"rendered":"<p>\u00dcr\u00fcn Kodu:\u00a0Fetal Monit\u00f6r Nst Cihaz\u0131 T12 12,1 in\u00e7 Renkli Ekran 90 derece e\u011fim verilebilen veya tamamen yat\u0131k olarak kullan\u0131labilen ekran<\/p>\n","protected":false},"featured_media":11796,"comment_status":"open","ping_status":"closed","template":"","meta":[],"product_cat":[68],"product_tag":[],"class_list":{"0":"post-11765","1":"product","2":"type-product","3":"status-publish","4":"has-post-thumbnail","6":"product_cat-fetal-monitorler","8":"first","9":"instock","10":"shipping-taxable","11":"product-type-simple"},"jetpack_sharing_enabled":true,"_links":{"self":[{"href":"https:\/\/tetramedmedical.com\/index.php?rest_route=\/wp\/v2\/product\/11765","targetHints":{"allow":["GET"]}}],"collection":[{"href":"https:\/\/tetramedmedical.com\/index.php?rest_route=\/wp\/v2\/product"}],"about":[{"href":"https:\/\/tetramedmedical.com\/index.php?rest_route=\/wp\/v2\/types\/product"}],"replies":[{"embeddable":true,"href":"https:\/\/tetramedmedical.com\/index.php?rest_route=%2Fwp%2Fv2%2Fcomments&post=11765"}],"version-history":[{"count":2,"href":"https:\/\/tetramedmedical.com\/index.php?rest_route=\/wp\/v2\/product\/11765\/revisions"}],"predecessor-version":[{"id":12305,"href":"https:\/\/tetramedmedical.com\/index.php?rest_route=\/wp\/v2\/product\/11765\/revisions\/12305"}],"wp:featuredmedia":[{"embeddable":true,"href":"https:\/\/tetramedmedical.com\/index.php?rest_route=\/wp\/v2\/media\/11796"}],"wp:attachment":[{"href":"https:\/\/tetramedmedical.com\/index.php?rest_route=%2Fwp%2Fv2%2Fmedia&parent=11765"}],"wp:term":[{"taxonomy":"product_cat","embeddable":true,"href":"https:\/\/tetramedmedical.com\/index.php?rest_route=%2Fwp%2Fv2%2Fproduct_cat&post=11765"},{"taxonomy":"product_tag","embeddable":true,"href":"https:\/\/tetramedmedical.com\/index.php?rest_route=%2Fwp%2Fv2%2Fproduct_tag&post=11765"}],"curies":[{"name":"wp","href":"https:\/\/api.w.org\/{rel}","templated":true}]}}